{"id":270,"date":"2024-04-15T14:47:28","date_gmt":"2024-04-15T14:47:28","guid":{"rendered":"http:\/\/tokenizer360.com\/contactez-nous\/"},"modified":"2024-05-15T11:53:11","modified_gmt":"2024-05-15T11:53:11","slug":"contactez-nous","status":"publish","type":"page","link":"https:\/\/tokenizer360.com\/fr\/contactez-nous\/","title":{"rendered":"Contactez nous"},"content":{"rendered":"\n<h1 class=\"wp-block-heading\">Contactez Tokenizer360<\/h1>\n\n<p>Vous avez des questions, des commentaires ou besoin d&rsquo;aide ? Nous sommes l\u00e0 pour vous aider ! Contactez-nous en utilisant les informations de contact ci-dessous, et notre \u00e9quipe d&rsquo;assistance d\u00e9di\u00e9e vous aidera rapidement.<\/p>\n\n<div class=\"wp-block-columns is-layout-flex wp-container-core-columns-is-layout-9d6595d7 wp-block-columns-is-layout-flex\">\n<div class=\"wp-block-column is-layout-flow wp-block-column-is-layout-flow\">\n<h2 class=\"wp-block-heading\">Informations sur le contact<\/h2>\n\n\n\r\n\r\n<div class=\"info_block\" id=\"info_block-block_c6e1e651dcb90becfa0f71ab7bca0460\">\r\n    <h3>Soutien \u00e0 la client\u00e8le<\/h3>\n<p>Notre \u00e9quipe d&rsquo;assistance \u00e0 la client\u00e8le est \u00e0 votre disposition pour r\u00e9pondre \u00e0 toutes vos questions. Si vous avez besoin d&rsquo;une assistance technique, si vous avez des questions sur nos services ou si vous souhaitez obtenir des conseils sur l&rsquo;utilisation de notre plateforme, n&rsquo;h\u00e9sitez pas \u00e0 nous contacter.<\/p>\n<p>Que vous soyez trader, investisseur, journaliste ou passionn\u00e9, nous nous r\u00e9jouissons d&rsquo;entrer en contact avec vous. Contactez-nous par email, par t\u00e9l\u00e9phone ou par les m\u00e9dias sociaux, et commen\u00e7ons \u00e0 discuter de la fa\u00e7on dont Tokenizer360 peut vous aider \u00e0 atteindre vos objectifs dans le monde du trading de crypto-monnaies.<\/p>\n<\/div>\r\n\r\n<style>\r\n.info_block {\r\n  position: relative;\r\n  display: block;\r\n  width: 100%;\r\n  margin: 40px auto;\r\n  padding: 13px 16px;\r\n  border-radius: 10px;\r\n  background: rgba(5,16,135,0.05);\r\n}\r\n.info_block h3 {\r\n  font-size: 1em;\r\n  color: #051087;\r\n  font-weight: 500;\r\n}\r\n<\/style><\/div>\n\n\n\n<div class=\"wp-block-column is-layout-flow wp-block-column-is-layout-flow\">\n<h2 class=\"wp-block-heading\">Connectez-vous !<\/h2>\n\n\n\n<p>N&rsquo;h\u00e9sitez pas \u00e0 modifier certains d\u00e9tails ou \u00e0 ajouter des informations sp\u00e9cifiques adapt\u00e9es \u00e0 vos besoins !<\/p>\n\n\n\n<p>Courriel : <a href=\"mailto:support@tokenizer360.com\">support@tokenizer360.com<\/a><\/p>\n\n\n<p class=\"wpcf7-contact-form-not-found\"><strong>Erreur\u00a0:<\/strong> Formulaire de contact non trouv\u00e9\u00a0!<\/p>\n<\/div>\n<\/div>\n","protected":false},"excerpt":{"rendered":"<p>Contactez Tokenizer360 Vous avez des questions, des commentaires ou besoin d&rsquo;aide ? Nous sommes l\u00e0 pour vous aider ! Contactez-nous en utilisant les informations de contact ci-dessous, et notre \u00e9quipe d&rsquo;assistance d\u00e9di\u00e9e vous aidera rapidement. Informations sur le contact Connectez-vous ! N&rsquo;h\u00e9sitez pas \u00e0 modifier certains d\u00e9tails ou \u00e0 ajouter des informations sp\u00e9cifiques adapt\u00e9es \u00e0 [&hellip;]<\/p>\n","protected":false},"author":1,"featured_media":0,"parent":0,"menu_order":0,"comment_status":"closed","ping_status":"closed","template":"","meta":{"_acf_changed":false,"inline_featured_image":false,"_monsterinsights_skip_tracking":false,"_monsterinsights_sitenote_active":false,"_monsterinsights_sitenote_note":"","_monsterinsights_sitenote_category":0,"footnotes":""},"class_list":["post-270","page","type-page","status-publish","hentry"],"acf":[],"aioseo_notices":[],"_links":{"self":[{"href":"https:\/\/tokenizer360.com\/fr\/wp-json\/wp\/v2\/pages\/270","targetHints":{"allow":["GET"]}}],"collection":[{"href":"https:\/\/tokenizer360.com\/fr\/wp-json\/wp\/v2\/pages"}],"about":[{"href":"https:\/\/tokenizer360.com\/fr\/wp-json\/wp\/v2\/types\/page"}],"author":[{"embeddable":true,"href":"https:\/\/tokenizer360.com\/fr\/wp-json\/wp\/v2\/users\/1"}],"replies":[{"embeddable":true,"href":"https:\/\/tokenizer360.com\/fr\/wp-json\/wp\/v2\/comments?post=270"}],"version-history":[{"count":0,"href":"https:\/\/tokenizer360.com\/fr\/wp-json\/wp\/v2\/pages\/270\/revisions"}],"wp:attachment":[{"href":"https:\/\/tokenizer360.com\/fr\/wp-json\/wp\/v2\/media?parent=270"}],"curies":[{"name":"wp","href":"https:\/\/api.w.org\/{rel}","templated":true}]}}