{"id":310,"date":"2024-04-15T14:47:28","date_gmt":"2024-04-15T14:47:28","guid":{"rendered":"http:\/\/tokenizer360.com\/kontakt\/"},"modified":"2024-05-15T11:54:14","modified_gmt":"2024-05-15T11:54:14","slug":"kontakt","status":"publish","type":"page","link":"https:\/\/tokenizer360.com\/de-lu\/kontakt\/","title":{"rendered":"Kontakt"},"content":{"rendered":"\n<h1 class=\"wp-block-heading\">Nehmen Sie Kontakt mit Tokenizer360 auf<\/h1>\n\n<p>Sie haben Fragen, Feedback oder ben\u00f6tigen Unterst\u00fctzung? Wir sind hier, um zu helfen! Wenden Sie sich \u00fcber die unten stehenden Kontaktinformationen an uns, und unser engagiertes Support-Team wird Ihnen umgehend helfen.<\/p>\n\n<div class=\"wp-block-columns is-layout-flex wp-container-core-columns-is-layout-9d6595d7 wp-block-columns-is-layout-flex\">\n<div class=\"wp-block-column is-layout-flow wp-block-column-is-layout-flow\">\n<h2 class=\"wp-block-heading\">Kontaktinformationen<\/h2>\n\n\n\r\n\r\n<div class=\"info_block\" id=\"info_block-block_77069d9812057b814477b562c58d4aa6\">\r\n    <h3>Kundenbetreuung<\/h3>\n<p>Unser Kundenbetreuungsteam steht Ihnen bei allen Fragen und Problemen zur Verf\u00fcgung, die Sie haben. Wenn Sie technische Unterst\u00fctzung ben\u00f6tigen, Fragen zu unseren Dienstleistungen haben oder eine Anleitung zur Nutzung unserer Plattform ben\u00f6tigen, z\u00f6gern Sie nicht, uns zu kontaktieren.<\/p>\n<p>Ob Sie H\u00e4ndler, Investor, Journalist oder Enthusiast sind, wir freuen uns auf den Kontakt mit Ihnen. Kontaktieren Sie uns per E-Mail, Telefon oder \u00fcber die sozialen Medien und lassen Sie uns ein Gespr\u00e4ch dar\u00fcber beginnen, wie Tokenizer360 Ihnen helfen kann, Ihre Ziele in der Welt des Kryptow\u00e4hrungshandels zu erreichen.<\/p>\n<\/div>\r\n\r\n<style>\r\n.info_block {\r\n  position: relative;\r\n  display: block;\r\n  width: 100%;\r\n  margin: 40px auto;\r\n  padding: 13px 16px;\r\n  border-radius: 10px;\r\n  background: rgba(5,16,135,0.05);\r\n}\r\n.info_block h3 {\r\n  font-size: 1em;\r\n  color: #051087;\r\n  font-weight: 500;\r\n}\r\n<\/style><\/div>\n\n\n\n<div class=\"wp-block-column is-layout-flow wp-block-column-is-layout-flow\">\n<h2 class=\"wp-block-heading\">Verbinden wir uns!<\/h2>\n\n\n\n<p>F\u00fchlen Sie sich frei, Details zu \u00e4ndern oder spezifische, auf Ihre Bed\u00fcrfnisse zugeschnittene Informationen hinzuzuf\u00fcgen!<\/p>\n\n\n\n<p>E-Mail: <a href=\"mailto:support@tokenizer360.com\">support@tokenizer360.com<\/a><\/p>\n\n\n<p class=\"wpcf7-contact-form-not-found\"><strong>Error:<\/strong> Contact form not found.<\/p>\n<\/div>\n<\/div>\n","protected":false},"excerpt":{"rendered":"<p>Nehmen Sie Kontakt mit Tokenizer360 auf Sie haben Fragen, Feedback oder ben\u00f6tigen Unterst\u00fctzung? Wir sind hier, um zu helfen! Wenden Sie sich \u00fcber die unten stehenden Kontaktinformationen an uns, und unser engagiertes Support-Team wird Ihnen umgehend helfen. Kontaktinformationen Verbinden wir uns! F\u00fchlen Sie sich frei, Details zu \u00e4ndern oder spezifische, auf Ihre Bed\u00fcrfnisse zugeschnittene Informationen [&hellip;]<\/p>\n","protected":false},"author":1,"featured_media":0,"parent":0,"menu_order":0,"comment_status":"closed","ping_status":"closed","template":"","meta":{"_acf_changed":false,"inline_featured_image":false,"_monsterinsights_skip_tracking":false,"_monsterinsights_sitenote_active":false,"_monsterinsights_sitenote_note":"","_monsterinsights_sitenote_category":0,"footnotes":""},"class_list":["post-310","page","type-page","status-publish","hentry"],"acf":[],"aioseo_notices":[],"_links":{"self":[{"href":"https:\/\/tokenizer360.com\/de-lu\/wp-json\/wp\/v2\/pages\/310","targetHints":{"allow":["GET"]}}],"collection":[{"href":"https:\/\/tokenizer360.com\/de-lu\/wp-json\/wp\/v2\/pages"}],"about":[{"href":"https:\/\/tokenizer360.com\/de-lu\/wp-json\/wp\/v2\/types\/page"}],"author":[{"embeddable":true,"href":"https:\/\/tokenizer360.com\/de-lu\/wp-json\/wp\/v2\/users\/1"}],"replies":[{"embeddable":true,"href":"https:\/\/tokenizer360.com\/de-lu\/wp-json\/wp\/v2\/comments?post=310"}],"version-history":[{"count":0,"href":"https:\/\/tokenizer360.com\/de-lu\/wp-json\/wp\/v2\/pages\/310\/revisions"}],"wp:attachment":[{"href":"https:\/\/tokenizer360.com\/de-lu\/wp-json\/wp\/v2\/media?parent=310"}],"curies":[{"name":"wp","href":"https:\/\/api.w.org\/{rel}","templated":true}]}}